{"id":8,"date":"2026-03-27T22:28:28","date_gmt":"2026-03-27T21:28:28","guid":{"rendered":"https:\/\/clauscoffee.org\/?page_id=8"},"modified":"2026-04-03T22:43:10","modified_gmt":"2026-04-03T20:43:10","slug":"inicio","status":"publish","type":"page","link":"https:\/\/clauscoffee.org\/","title":{"rendered":""},"content":{"rendered":"\t\t<div data-elementor-type=\"wp-post\" data-elementor-id=\"8\" class=\"elementor elementor-8\">\n\t\t\t\t<div class=\"elementor-element elementor-element-90abb16 e-flex e-con-boxed e-con e-parent\" data-id=\"90abb16\" data-element_type=\"container\" data-e-type=\"container\">\n\t\t\t\t\t<div class=\"e-con-inner\">\n\t\t\t\t<div class=\"elementor-element elementor-element-580fc83 elementor-widget elementor-widget-html\" data-id=\"580fc83\" data-element_type=\"widget\" data-e-type=\"widget\" data-widget_type=\"html.default\">\n\t\t\t\t\t<div id=\"clauscoffee-container\">\n\n  <div class=\"text\">\n      <h2 id=\"typing-title\">ClausCoffee<\/h2>\n\n      <p id=\"subtitle\">\n        Despierta tus sentidos con un caf\u00e9 premium lleno de car\u00e1cter, notas c\u00edtricas y esencia \u00fanica. \n      <\/p>\n\n      <a href=\"https:\/\/wa.me\/50431474499\" target=\"_blank\" rel=\"noopener\">\n        <button class=\"btn\">Comprar ahora<\/button>\n      <\/a>\n  <\/div>\n\n  <div class=\"scene\">\n      <div class=\"bag-container\" id=\"card\">\n          <img decoding=\"async\" src=\"https:\/\/clauscoffee.org\/wp-content\/uploads\/2026\/03\/bolsa-3-d-png.png\" class=\"bag\">\n\n          <div class=\"smoke s1\"><\/div>\n          <div class=\"smoke s2\"><\/div>\n          <div class=\"smoke s3\"><\/div>\n      <\/div>\n  <\/div>\n\n<\/div>\n\n<style>\nbody, html {\n    margin: 0 !important;\n    padding: 0 !important;\n    overflow-x: hidden;\n}\n\n\/* \ud83d\udd25 FIX DEFINITIVO DEL MEN\u00da *\/\nheader, .elementor-location-header {\n    position: relative !important;\n    z-index: 99999 !important;\n    width: 100%;\n    display: flex;\n    justify-content: space-between;\n    align-items: center;\n}\n\n\/* \ud83c\udfaf MEN\u00da ROSADO *\/\n.elementor-nav-menu a {\n    color: #e88bb8 !important;\n    font-weight: 600;\n}\n\n.elementor-nav-menu a:hover {\n    color: #ffffff !important;\n}\n\n.elementor-nav-menu .elementor-item-active {\n    color: #e88bb8 !important;\n}\n\n\/* CONTENEDOR *\/\n#clauscoffee-container {\n    width: 100%;\n    max-width: 1400px;\n    margin: 0 auto;\n    margin-top: 90px;\n\n    display: flex;\n    justify-content: center;\n    align-items: center;\n    gap: 60px;\n    padding: 60px 20px;\n    flex-wrap: wrap;\n\n    background: #000000;\n\n    position: relative;\n    z-index: 1;\n}\n\n\/* TEXTO *\/\n.text {\n    color: #fff;\n    max-width: 480px;\n}\n\n\/* TITULO *\/\n#typing-title {\n    font-size: clamp(28px, 5vw, 58px);\n    font-weight: 900;\n\n    background: linear-gradient(90deg, #ffffff, #e88bb8);\n    -webkit-background-clip: text;\n    -webkit-text-fill-color: transparent;\n\n    animation: glowText 2s ease-in-out infinite alternate;\n}\n\n@keyframes glowText {\n    from { text-shadow: 0 0 10px rgba(232,139,184,0.3);}\n    to { text-shadow: 0 0 30px rgba(232,139,184,0.9);}\n}\n\n\/* SUB *\/\n#subtitle {\n    font-size: clamp(15px, 2.5vw, 19px);\n    margin-top: 12px;\n    color: #ffffff !important;\n}\n\n\/* BOT\u00d3N *\/\n.btn {\n    margin-top: 25px;\n    padding: 14px 30px;\n    background: #e88bb8;\n    color: #ffffff;\n    border: none;\n    border-radius: 30px;\n    font-weight: bold;\n    cursor: pointer;\n    transition: 0.4s;\n}\n\n.btn:hover {\n    transform: scale(1.1);\n    background: #ffffff;\n    color: #e88bb8;\n}\n\n\/* ESCENA *\/\n.scene {\n    perspective: 1200px;\n}\n\n\/* \ud83d\udd25 IMPORTANTE: NO BLOQUEA CLICKS *\/\n.scene, .bag-container, .smoke {\n    pointer-events: none;\n}\n\n\/* EMPAQUE *\/\n.bag-container {\n    position: relative;\n    animation: floatRotate 6s ease-in-out infinite;\n}\n\n@keyframes floatRotate {\n    0%   { transform: translateY(0px) rotateZ(0deg); }\n    50%  { transform: translateY(-20px) rotateZ(-1deg); }\n    100% { transform: translateY(0px) rotateZ(0deg); }\n}\n\n.bag {\n    width: 340px;\n    max-width: 75vw;\n    filter: drop-shadow(0px 50px 80px rgba(0,0,0,0.5));\n}\n\n\/* HUMO *\/\n.smoke {\n    position: absolute;\n    bottom: 85%;\n    left: 50%;\n    width: 35px;\n    height: 140px;\n    background: rgba(255,255,255,0.4);\n    filter: blur(16px);\n    border-radius: 50%;\n    animation: smokeFlow 3.5s infinite;\n}\n\n.s2 { left: 55%; animation-delay: 1s; }\n.s3 { left: 45%; animation-delay: 2s; }\n\n@keyframes smokeFlow {\n    0% { opacity: 0; transform: translateY(0) scale(1);}\n    30% { opacity: 1;}\n    100% { opacity: 0; transform: translateY(-160px) scale(2.2);}\n}\n\n\/* RESPONSIVE *\/\n@media (max-width: 768px) {\n\n    #clauscoffee-container {\n        flex-direction: column;\n        text-align: center;\n        margin-top: 80px;\n    }\n\n    #typing-title {\n        font-size: 28px;\n        animation: none;\n    }\n\n    .bag {\n        width: 240px;\n    }\n}\n<\/style>\n\n<script>\nwindow.onload = function(){\n\nsetTimeout(()=>{\n  let sub = document.getElementById(\"subtitle\");\n  sub.style.opacity = 1;\n  sub.style.transform = \"translateY(0)\";\n},800);\n\ndocument.addEventListener(\"mousemove\", (e)=>{\n  if(window.innerWidth > 768){\n    let card = document.getElementById(\"card\");\n    let x = (window.innerWidth\/2 - e.clientX)\/25;\n    let y = (window.innerHeight\/2 - e.clientY)\/25;\n    card.style.transform = `rotateY(${x}deg) rotateX(${y}deg)`;\n  }\n});\n\n}\n<\/script>\t\t\t\t<\/div>\n\t\t\t\t<div class=\"elementor-element elementor-element-3f8e152 elementor-widget elementor-widget-image\" data-id=\"3f8e152\" data-element_type=\"widget\" data-e-type=\"widget\" data-widget_type=\"image.default\">\n\t\t\t\t\t\t\t\t\t\t\t\t\t\t\t<img fetchpriority=\"high\" decoding=\"async\" width=\"800\" height=\"533\" src=\"https:\/\/clauscoffee.org\/wp-content\/uploads\/2026\/04\/WhatsApp-Image-2026-04-03-at-2.17.41-PM-1024x682.jpeg\" class=\"attachment-large size-large wp-image-174\" alt=\"\" srcset=\"https:\/\/clauscoffee.org\/wp-content\/uploads\/2026\/04\/WhatsApp-Image-2026-04-03-at-2.17.41-PM-1024x682.jpeg 1024w, https:\/\/clauscoffee.org\/wp-content\/uploads\/2026\/04\/WhatsApp-Image-2026-04-03-at-2.17.41-PM-300x200.jpeg 300w, https:\/\/clauscoffee.org\/wp-content\/uploads\/2026\/04\/WhatsApp-Image-2026-04-03-at-2.17.41-PM-768x512.jpeg 768w, https:\/\/clauscoffee.org\/wp-content\/uploads\/2026\/04\/WhatsApp-Image-2026-04-03-at-2.17.41-PM-1536x1023.jpeg 1536w, https:\/\/clauscoffee.org\/wp-content\/uploads\/2026\/04\/WhatsApp-Image-2026-04-03-at-2.17.41-PM.webp 1600w\" sizes=\"(max-width: 800px) 100vw, 800px\" \/>\t\t\t\t\t\t\t\t\t\t\t\t\t\t\t<\/div>\n\t\t\t\t<div class=\"elementor-element elementor-element-5e6cc3d elementor-widget-divider--view-line elementor-widget elementor-widget-divider\" data-id=\"5e6cc3d\" data-element_type=\"widget\" data-e-type=\"widget\" data-widget_type=\"divider.default\">\n\t\t\t\t\t\t\t<div class=\"elementor-divider\">\n\t\t\t<span class=\"elementor-divider-separator\">\n\t\t\t\t\t\t<\/span>\n\t\t<\/div>\n\t\t\t\t\t\t<\/div>\n\t\t\t\t\t<\/div>\n\t\t\t\t<\/div>\n\t\t<div class=\"elementor-element elementor-element-47a80bc e-flex e-con-boxed e-con e-parent\" data-id=\"47a80bc\" data-element_type=\"container\" data-e-type=\"container\">\n\t\t\t\t\t<div class=\"e-con-inner\">\n\t\t\t\t<div class=\"elementor-element elementor-element-7e18c19 animated-slow elementor-invisible elementor-widget elementor-widget-text-editor\" data-id=\"7e18c19\" data-element_type=\"widget\" data-e-type=\"widget\" data-settings=\"{&quot;_animation&quot;:&quot;fadeInUp&quot;}\" data-widget_type=\"text-editor.default\">\n\t\t\t\t\t\t\t\t\t<h4><em><strong data-start=\"227\" data-end=\"279\">ClausCoffee | Tostadur\u00eda de Caf\u00e9 de Especialidad<\/strong><\/em><\/h4>\t\t\t\t\t\t\t\t<\/div>\n\t\t\t\t\t<\/div>\n\t\t\t\t<\/div>\n\t\t<div class=\"elementor-element elementor-element-046989d e-flex e-con-boxed e-con e-parent\" data-id=\"046989d\" data-element_type=\"container\" data-e-type=\"container\">\n\t\t\t\t\t<div class=\"e-con-inner\">\n\t\t\t\t<div class=\"elementor-element elementor-element-8082203 animated-slow elementor-invisible elementor-widget elementor-widget-text-editor\" data-id=\"8082203\" data-element_type=\"widget\" data-e-type=\"widget\" data-settings=\"{&quot;_animation&quot;:&quot;zoomIn&quot;}\" data-widget_type=\"text-editor.default\">\n\t\t\t\t\t\t\t\t\t<h6>Caf\u00e9 cuidadosamente seleccionado, tostado con precisi\u00f3n y dise\u00f1ado para consumidores y negocios que buscan calidad superior.<\/h6>\t\t\t\t\t\t\t\t<\/div>\n\t\t\t\t\t<\/div>\n\t\t\t\t<\/div>\n\t\t<div class=\"elementor-element elementor-element-cd4a3b3 e-flex e-con-boxed e-con e-parent\" data-id=\"cd4a3b3\" data-element_type=\"container\" data-e-type=\"container\">\n\t\t\t\t\t<div class=\"e-con-inner\">\n\t\t\t\t<div class=\"elementor-element elementor-element-03a1d09 elementor-widget-divider--view-line elementor-widget elementor-widget-divider\" data-id=\"03a1d09\" data-element_type=\"widget\" data-e-type=\"widget\" data-widget_type=\"divider.default\">\n\t\t\t\t\t\t\t<div class=\"elementor-divider\">\n\t\t\t<span class=\"elementor-divider-separator\">\n\t\t\t\t\t\t<\/span>\n\t\t<\/div>\n\t\t\t\t\t\t<\/div>\n\t\t\t\t\t<\/div>\n\t\t\t\t<\/div>\n\t\t<div class=\"elementor-element elementor-element-6b9845bb e-con-full e-flex e-con e-parent\" data-id=\"6b9845bb\" data-element_type=\"container\" data-e-type=\"container\" data-settings=\"{&quot;background_background&quot;:&quot;classic&quot;}\">\n\t\t<div class=\"elementor-element elementor-element-20d4768f e-con-full e-flex e-con e-child\" data-id=\"20d4768f\" data-element_type=\"container\" data-e-type=\"container\">\n\t\t\t\t<div class=\"elementor-element elementor-element-66598ef6 animated-slow elementor-invisible elementor-widget elementor-widget-image\" data-id=\"66598ef6\" data-element_type=\"widget\" data-e-type=\"widget\" data-settings=\"{&quot;_animation&quot;:&quot;bounceIn&quot;}\" data-widget_type=\"image.default\">\n\t\t\t\t\t\t\t\t\t\t\t\t\t\t\t<img decoding=\"async\" width=\"768\" height=\"1153\" src=\"https:\/\/clauscoffee.org\/wp-content\/uploads\/2026\/04\/2-768x1153.jpeg\" class=\"attachment-medium_large size-medium_large wp-image-188\" alt=\"\" srcset=\"https:\/\/clauscoffee.org\/wp-content\/uploads\/2026\/04\/2-768x1153.jpeg 768w, https:\/\/clauscoffee.org\/wp-content\/uploads\/2026\/04\/2-200x300.jpeg 200w, https:\/\/clauscoffee.org\/wp-content\/uploads\/2026\/04\/2-682x1024.jpeg 682w, https:\/\/clauscoffee.org\/wp-content\/uploads\/2026\/04\/2-1023x1536.jpeg 1023w, https:\/\/clauscoffee.org\/wp-content\/uploads\/2026\/04\/2.webp 1066w\" sizes=\"(max-width: 768px) 100vw, 768px\" \/>\t\t\t\t\t\t\t\t\t\t\t\t\t\t\t<\/div>\n\t\t\t\t<\/div>\n\t\t<div class=\"elementor-element elementor-element-5c29fa33 e-con-full e-flex e-con e-child\" data-id=\"5c29fa33\" data-element_type=\"container\" data-e-type=\"container\">\n\t\t\t\t<div class=\"elementor-element elementor-element-22f9ea2e elementor-align-center animated-slow elementor-icon-list--layout-traditional elementor-list-item-link-full_width elementor-invisible elementor-widget elementor-widget-icon-list\" data-id=\"22f9ea2e\" data-element_type=\"widget\" data-e-type=\"widget\" data-settings=\"{&quot;_animation&quot;:&quot;zoomIn&quot;}\" data-widget_type=\"icon-list.default\">\n\t\t\t\t\t\t\t<ul class=\"elementor-icon-list-items\">\n\t\t\t\t\t\t\t<li class=\"elementor-icon-list-item\">\n\t\t\t\t\t\t\t\t\t\t<span class=\"elementor-icon-list-text\">ClausCoffee no solo tuesta caf\u00e9, perfecciona cada taza.<\/span>\n\t\t\t\t\t\t\t\t\t<\/li>\n\t\t\t\t\t\t<\/ul>\n\t\t\t\t\t\t<\/div>\n\t\t\t\t<\/div>\n\t\t\t\t<\/div>\n\t\t<div class=\"elementor-element elementor-element-b809a93 e-flex e-con-boxed e-con e-parent\" data-id=\"b809a93\" data-element_type=\"container\" data-e-type=\"container\">\n\t\t\t\t\t<div class=\"e-con-inner\">\n\t\t\t\t<div class=\"elementor-element elementor-element-86bf71e elementor-widget elementor-widget-html\" data-id=\"86bf71e\" data-element_type=\"widget\" data-e-type=\"widget\" data-settings=\"{&quot;_animation&quot;:&quot;none&quot;}\" data-widget_type=\"html.default\">\n\t\t\t\t\t<!DOCTYPE html>\n<html lang=\"es\">\n<head>\n<meta charset=\"UTF-8\">\n<meta name=\"viewport\" content=\"width=device-width, initial-scale=1.0\">\n<title>ClausCoffee - Misi\u00f3n y Visi\u00f3n<\/title>\n\n<style>\nbody{\n    margin:0;\n    font-family: 'Segoe UI', sans-serif;\n    background: radial-gradient(circle at center, #000000, #050505, #0a0a0a);\n    overflow-x:hidden;\n}\n\n\/* CONTENEDOR *\/\n.section{\n    display:flex;\n    flex-wrap:wrap;\n    justify-content:center;\n    align-items:center;\n    min-height:100vh;\n    gap:40px;\n    padding:40px;\n}\n\n\/* TARJETAS *\/\n.card{\n    width:320px;\n    height:420px;\n    background: rgba(255,255,255,0.92);\n    border-radius:20px;\n    backdrop-filter: blur(15px);\n    transform-style: preserve-3d;\n    transition: 0.6s;\n    position:relative;\n    overflow:hidden;\n}\n\n\/* BORDE DORADO SIEMPRE VISIBLE *\/\n.card::after{\n    content:'';\n    position:absolute;\n    inset:0;\n    border-radius:20px;\n    padding:2px;\n    background: linear-gradient(120deg, #FFD700, #fff5cc, #FFD700);\n    -webkit-mask:\n        linear-gradient(#000 0 0) content-box,\n        linear-gradient(#000 0 0);\n    -webkit-mask-composite: xor;\n            mask-composite: exclude;\n    animation: borderMove 4s linear infinite;\n}\n\n\/* BRILLO DORADO *\/\n.card::before{\n    content:'';\n    position:absolute;\n    width:200%;\n    height:200%;\n    background: linear-gradient(120deg, transparent, rgba(255,215,0,0.5), transparent);\n    transform: rotate(25deg);\n    animation: shine 4s infinite;\n}\n\n\/* HOVER *\/\n.card:hover{\n    transform: rotateY(15deg) rotateX(10deg) scale(1.05);\n}\n\n\/* CONTENIDO *\/\n.content{\n    position:relative;\n    z-index:2;\n    padding:30px;\n    text-align:center;\n}\n\n\/* ICONOS PREMIUM *\/\n.icon{\n    font-size:40px;\n    margin-bottom:15px;\n    color:#FFD700;\n    text-shadow: 0 0 15px #FFD700;\n    animation: float 3s ease-in-out infinite;\n}\n\n\/* TITULOS NEGROS *\/\nh2{\n    font-size:26px;\n    margin-bottom:15px;\n    color:black;\n}\n\n\/* TEXTO NEGRO *\/\np{\n    font-size:15px;\n    line-height:1.6;\n    color:black;\n}\n\n\/* ANIMACIONES *\/\n@keyframes shine{\n    0%{transform: translateX(-100%) rotate(25deg);}\n    100%{transform: translateX(100%) rotate(25deg);}\n}\n\n@keyframes borderMove{\n    0%{filter: hue-rotate(0deg);}\n    100%{filter: hue-rotate(360deg);}\n}\n\n@keyframes float{\n    0%,100%{transform: translateY(0);}\n    50%{transform: translateY(-10px);}\n}\n\n\/* FONDO PART\u00cdCULAS *\/\nbody::after{\n    content:'';\n    position:fixed;\n    width:100%;\n    height:100%;\n    background-image: radial-gradient(#FFD700 1px, transparent 1px);\n    background-size: 40px 40px;\n    opacity:0.05;\n    animation: moveBg 20s linear infinite;\n}\n\n@keyframes moveBg{\n    from{transform: translateY(0);}\n    to{transform: translateY(-200px);}\n}\n\n\/* RESPONSIVE *\/\n@media(max-width:768px){\n    .card{\n        width:90%;\n        height:auto;\n    }\n}\n<\/style>\n\n<\/head>\n<body>\n\n<section class=\"section\">\n\n    <!-- MISI\u00d3N -->\n    <div class=\"card\">\n        <div class=\"content\">\n            <div class=\"icon\">\u2b22<\/div>\n            <h2>MISI\u00d3N<\/h2>\n            <p>\n                Crear experiencias \u00fanicas a trav\u00e9s del caf\u00e9, seleccionando granos de alta calidad \n                y aplicando procesos de tostado que resaltan su m\u00e1xima expresi\u00f3n, para ofrecer \n                un producto sofisticado y consistente.\n            <\/p>\n        <\/div>\n    <\/div>\n\n    <!-- VISI\u00d3N -->\n    <div class=\"card\">\n        <div class=\"content\">\n            <div class=\"icon\">\u25c9<\/div>\n            <h2>VISI\u00d3N<\/h2>\n            <p>\n                Posicionar a ClausCoffee como una marca de caf\u00e9 reconocida por su excelencia, \n                dise\u00f1o y experiencia, convirti\u00e9ndose en un s\u00edmbolo de calidad y distinci\u00f3n en el mercado.\n            <\/p>\n        <\/div>\n    <\/div>\n\n<\/section>\n\n<\/body>\n<\/html>\t\t\t\t<\/div>\n\t\t\t\t\t<\/div>\n\t\t\t\t<\/div>\n\t\t<div class=\"elementor-element elementor-element-f223a40 e-flex e-con-boxed e-con e-parent\" data-id=\"f223a40\" data-element_type=\"container\" data-e-type=\"container\">\n\t\t\t\t\t<div class=\"e-con-inner\">\n\t\t\t\t<div class=\"elementor-element elementor-element-b8be721 elementor-widget elementor-widget-html\" data-id=\"b8be721\" data-element_type=\"widget\" data-e-type=\"widget\" data-widget_type=\"html.default\">\n\t\t\t\t\t<!DOCTYPE html>\n<html lang=\"es\">\n<head>\n<meta charset=\"UTF-8\">\n<meta name=\"viewport\" content=\"width=device-width, initial-scale=1.0\">\n<title>Valores ClausCoffee<\/title>\n\n<style>\nbody{\n    margin:0;\n    background:#000;\n    font-family:Arial, sans-serif;\n    display:flex;\n    flex-direction:column;\n    align-items:center;\n    justify-content:flex-start;\n    min-height:100vh;\n    overflow:auto;\n    padding-bottom:150px;\n    text-align:center; \/* \ud83d\udd25 TODO CENTRADO *\/\n}\n\n\/* TITULO *\/\n.title{\n    color:#FFD700;\n    font-size:30px;\n    margin:100px 0 120px; \/* \ud83d\udd25 M\u00c1S ESPACIO *\/\n    text-shadow:0 0 20px #FFD700;\n}\n\n\/* CONTENEDOR TAZA *\/\n.cup-wrapper{\n    display:flex;\n    flex-direction:column;\n    align-items:center;\n    justify-content:center;\n}\n\n\/* TAZA *\/\n.cup{\n    position:relative;\n    width:200px;\n    height:120px;\n    background:#fff;\n    border-radius:0 0 100px 100px;\n}\n\n\/* ASA *\/\n.handle{\n    position:absolute;\n    right:-40px;\n    top:30px;\n    width:60px;\n    height:60px;\n    border:8px solid #fff;\n    border-radius:50%;\n}\n\n\/* PLATO *\/\n.plate{\n    width:260px;\n    height:20px;\n    background:#fff;\n    border-radius:50%;\n    margin-top:10px;\n}\n\n\/* VAPOR *\/\n.steam{\n    position:absolute;\n    bottom:120px;\n    left:50%;\n    transform:translateX(-50%);\n}\n\n\/* PALABRAS *\/\n.word{\n    position:absolute;\n    left:50%;\n    transform:translateX(-50%);\n    color:#FFD700;\n    font-size:16px;\n    opacity:0;\n    white-space:nowrap;\n    text-shadow:0 0 10px #FFD700;\n    animation: rise 10s infinite ease-in-out;\n}\n\n\/* DELAYS *\/\n.word:nth-child(1){ animation-delay:0s;}\n.word:nth-child(2){ animation-delay:1.5s;}\n.word:nth-child(3){ animation-delay:3s;}\n.word:nth-child(4){ animation-delay:4.5s;}\n.word:nth-child(5){ animation-delay:6s;}\n.word:nth-child(6){ animation-delay:7.5s;}\n.word:nth-child(7){ animation-delay:9s;}\n\n\/* ANIMACI\u00d3N *\/\n@keyframes rise{\n    0%{\n        transform: translate(-50%,0) scale(0.8);\n        opacity:0;\n    }\n    20%{ opacity:1; }\n    50%{\n        transform: translate(-50%,-80px) scale(1);\n    }\n    100%{\n        transform: translate(-50%,-180px) scale(1.2);\n        opacity:0;\n    }\n}\n\n\/* FRASE *\/\n.frase{\n    margin-top:100px;\n    color:#FFD700;\n    font-size:18px;\n    text-shadow:0 0 15px #FFD700;\n    max-width:90%;\n\n    text-align:center;   \/* \ud83d\udd25 CENTRADO *\/\n    margin-left:auto;    \/* \ud83d\udd25 CENTRADO *\/\n    margin-right:auto;   \/* \ud83d\udd25 CENTRADO *\/\n}\n<\/style>\n<\/head>\n\n<body>\n\n<div class=\"title\">VALORES<\/div>\n\n<div class=\"cup-wrapper\">\n    <div class=\"cup\">\n        <div class=\"handle\"><\/div>\n\n        <div class=\"steam\">\n            <div class=\"word\">Calidad<\/div>\n            <div class=\"word\">Pasi\u00f3n<\/div>\n            <div class=\"word\">Precisi\u00f3n<\/div>\n            <div class=\"word\">Responsabilidad<\/div>\n            <div class=\"word\">Compromiso<\/div>\n            <div class=\"word\">Innovaci\u00f3n<\/div>\n            <div class=\"word\">Autenticidad<\/div>\n        <\/div>\n    <\/div>\n\n    <div class=\"plate\"><\/div>\n<\/div>\n\n<div class=\"frase\">\n    \u201cNuestros valores definen cada grano, cada proceso y cada taza.\u201d\n<\/div>\n\n<\/body>\n<\/html>\t\t\t\t<\/div>\n\t\t\t\t\t<\/div>\n\t\t\t\t<\/div>\n\t\t<div class=\"elementor-element elementor-element-66a9e4d7 e-con-full e-flex e-con e-parent\" data-id=\"66a9e4d7\" data-element_type=\"container\" data-e-type=\"container\" data-settings=\"{&quot;background_background&quot;:&quot;classic&quot;}\">\n\t\t\t\t<div class=\"elementor-element elementor-element-1c1ef964 elementor-widget elementor-widget-heading\" data-id=\"1c1ef964\" data-element_type=\"widget\" data-e-type=\"widget\" data-widget_type=\"heading.default\">\n\t\t\t\t\t<p class=\"elementor-heading-title elementor-size-default\">\u00a9 All Rights Reserved.<\/p>\t\t\t\t<\/div>\n\t\t\t\t<\/div>\n\t\t\t\t<\/div>\n\t\t","protected":false},"excerpt":{"rendered":"<p>ClausCoffee Despierta tus sentidos con un caf\u00e9 premium lleno de car\u00e1cter, notas c\u00edtricas y esencia \u00fanica. Comprar ahora ClausCoffee | Tostadur\u00eda de Caf\u00e9 de Especialidad Caf\u00e9 cuidadosamente seleccionado, tostado con precisi\u00f3n y dise\u00f1ado para consumidores y negocios que buscan calidad superior. ClausCoffee no solo tuesta caf\u00e9, perfecciona cada taza. ClausCoffee &#8211; Misi\u00f3n y Visi\u00f3n \u2b22 [&hellip;]<\/p>\n","protected":false},"author":1,"featured_media":0,"parent":0,"menu_order":0,"comment_status":"closed","ping_status":"closed","template":"","meta":{"footnotes":""},"class_list":["post-8","page","type-page","status-publish","hentry"],"jetpack_sharing_enabled":true,"_links":{"self":[{"href":"https:\/\/clauscoffee.org\/index.php?rest_route=\/wp\/v2\/pages\/8","targetHints":{"allow":["GET"]}}],"collection":[{"href":"https:\/\/clauscoffee.org\/index.php?rest_route=\/wp\/v2\/pages"}],"about":[{"href":"https:\/\/clauscoffee.org\/index.php?rest_route=\/wp\/v2\/types\/page"}],"author":[{"embeddable":true,"href":"https:\/\/clauscoffee.org\/index.php?rest_route=\/wp\/v2\/users\/1"}],"replies":[{"embeddable":true,"href":"https:\/\/clauscoffee.org\/index.php?rest_route=%2Fwp%2Fv2%2Fcomments&post=8"}],"version-history":[{"count":55,"href":"https:\/\/clauscoffee.org\/index.php?rest_route=\/wp\/v2\/pages\/8\/revisions"}],"predecessor-version":[{"id":237,"href":"https:\/\/clauscoffee.org\/index.php?rest_route=\/wp\/v2\/pages\/8\/revisions\/237"}],"wp:attachment":[{"href":"https:\/\/clauscoffee.org\/index.php?rest_route=%2Fwp%2Fv2%2Fmedia&parent=8"}],"curies":[{"name":"wp","href":"https:\/\/api.w.org\/{rel}","templated":true}]}}